{"id":103,"date":"2020-01-17T09:21:42","date_gmt":"2020-01-17T08:21:42","guid":{"rendered":"http:\/\/compagnieboom.com\/?page_id=103"},"modified":"2024-12-10T14:56:21","modified_gmt":"2024-12-10T13:56:21","slug":"actions-artistiques","status":"publish","type":"page","link":"https:\/\/compagnieboom.com\/index.php\/actions-artistiques\/","title":{"rendered":"ACTIONS ARTISTIQUES"},"content":{"rendered":"<div class=\"fusion-fullwidth fullwidth-box fusion-builder-row-1 nonhundred-percent-fullwidth non-hundred-percent-height-scrolling\"  style='background-color: #ffffff;background-position: center center;background-repeat: no-repeat;padding-top:0px;padding-right:0px;padding-bottom:0px;padding-left:0px;'><div class=\"fusion-builder-row fusion-row \"><div  class=\"fusion-layout-column fusion_builder_column fusion_builder_column_1_3 fusion-builder-column-1 fusion-one-third fusion-column-first 1_3\"  style='margin-top:0px;margin-bottom:20px;width:33.33%;width:calc(33.33% - ( ( 4% ) * 0.3333 ) );margin-right: 4%;'>\n\t\t\t\t\t<div class=\"fusion-column-wrapper\" style=\"padding: 0px 0px 0px 0px;background-position:left top;background-repeat:no-repeat;-webkit-background-size:cover;-moz-background-size:cover;-o-background-size:cover;background-size:cover;\"   data-bg-url=\"\">\n\t\t\t\t\t\t<div class=\"fusion-clearfix\"><\/div>\n\n\t\t\t\t\t<\/div>\n\t\t\t\t<\/div><div  class=\"fusion-layout-column fusion_builder_column fusion_builder_column_2_3 fusion-builder-column-2 fusion-two-third fusion-column-last 2_3\"  style='margin-top:0px;margin-bottom:20px;width:66.66%;width:calc(66.66% - ( ( 4% ) * 0.6666 ) );'>\n\t\t\t\t\t<div class=\"fusion-column-wrapper\" style=\"padding: 0px 0px 0px 0px;background-position:left top;background-repeat:no-repeat;-webkit-background-size:cover;-moz-background-size:cover;-o-background-size:cover;background-size:cover;\"   data-bg-url=\"\">\n\t\t\t\t\t\t<BR>\n<BR><div class=\"fusion-text\"><p style=\"text-align: justify;\">L&rsquo;action culturelle est d\u00e9finie par <strong>Zo\u00e9 Grossot<\/strong> et <strong>Fanny Sauzet<\/strong>, m\u00e9diatrice culturelle de la BOOM. C&rsquo;est elle ensuite qui con\u00e7oit et met en place les ateliers \u00e0 destination des diff\u00e9rents publics : scolaire (\u00e9cole, coll\u00e8ge, lyc\u00e9e), grand public, EHPAD, associatif ou du champ social.<\/p>\n<p style=\"text-align: justify;\">Pour la compagnie, l&rsquo;action culturelle est une composante essentielle de l&rsquo;exp\u00e9rience du spectateur\u00b7rice. Id\u00e9alement, elle la pr\u00e9c\u00e8de et la prolonge avec pour objectif d&rsquo;\u00e9veiller l&rsquo;esprit critique, nourrir l&rsquo;imaginaire, cr\u00e9er du lien dans le groupe et donner \u00e0 chacun\u00b7e la possibilit\u00e9 d\u2019exp\u00e9rimenter un processus de cr\u00e9ation. Au travail sur le fond s&rsquo;ajoute un questionnement sur la forme. Les temps de r\u00e9flexion, argumentation, confrontation impulsent et enrichissent la cr\u00e9ation et la pratique artistique. Les croisements entre disciplines sont multiples et s&rsquo;appuient sur les comp\u00e9tences de la m\u00e9diatrice : th\u00e9\u00e2tre d&rsquo;objets, th\u00e9\u00e2tre de papier, pratique th\u00e9\u00e2trale, philosophie, \u00e9criture, arts visuels&#8230;<\/p>\n<p style=\"text-align: justify;\">Chaque projet am\u00e8ne avec lui des possibilit\u00e9s d&rsquo;actions culturelles nouvelles qui peuvent \u00eatre invent\u00e9es en lien avec les partenaires.<\/p>\n<p><strong>Les dossiers p\u00e9dagogiques de la compagnie sont disponibles en \u00e9crivant \u00e0 meditation(at)compagnieboom.com<\/strong><\/p>\n<p style=\"text-align: justify;\">Pour plus d\u2019informations sur les actions artistiques, merci de contacter la compagnie.<\/p>\n<\/div><span class=\"fusion-imageframe imageframe-none imageframe-1 hover-type-none\"><img loading=\"lazy\" src=\"http:\/\/compagnieboom.com\/wp-content\/uploads\/2020\/01\/Univers4-Web-800x533.jpg\" width=\"800\" height=\"533\" alt=\"\" title=\"Univers4-Web\" class=\"img-responsive wp-image-24\" srcset=\"https:\/\/compagnieboom.com\/wp-content\/uploads\/2020\/01\/Univers4-Web-200x133.jpg 200w, https:\/\/compagnieboom.com\/wp-content\/uploads\/2020\/01\/Univers4-Web-400x266.jpg 400w, https:\/\/compagnieboom.com\/wp-content\/uploads\/2020\/01\/Univers4-Web-600x400.jpg 600w, https:\/\/compagnieboom.com\/wp-content\/uploads\/2020\/01\/Univers4-Web-800x533.jpg 800w, https:\/\/compagnieboom.com\/wp-content\/uploads\/2020\/01\/Univers4-Web.jpg 1024w\" sizes=\"(max-width: 800px) 100vw, 800px\" \/><\/span><div class=\"fusion-clearfix\"><\/div>\n\n\t\t\t\t\t<\/div>\n\t\t\t\t<\/div><\/div><\/div>\n","protected":false},"excerpt":{"rendered":"","protected":false},"author":1,"featured_media":0,"parent":0,"menu_order":0,"comment_status":"closed","ping_status":"closed","template":"","meta":[],"_links":{"self":[{"href":"https:\/\/compagnieboom.com\/index.php\/wp-json\/wp\/v2\/pages\/103"}],"collection":[{"href":"https:\/\/compagnieboom.com\/index.php\/wp-json\/wp\/v2\/pages"}],"about":[{"href":"https:\/\/compagnieboom.com\/index.php\/wp-json\/wp\/v2\/types\/page"}],"author":[{"embeddable":true,"href":"https:\/\/compagnieboom.com\/index.php\/wp-json\/wp\/v2\/users\/1"}],"replies":[{"embeddable":true,"href":"https:\/\/compagnieboom.com\/index.php\/wp-json\/wp\/v2\/comments?post=103"}],"version-history":[{"count":15,"href":"https:\/\/compagnieboom.com\/index.php\/wp-json\/wp\/v2\/pages\/103\/revisions"}],"predecessor-version":[{"id":579,"href":"https:\/\/compagnieboom.com\/index.php\/wp-json\/wp\/v2\/pages\/103\/revisions\/579"}],"wp:attachment":[{"href":"https:\/\/compagnieboom.com\/index.php\/wp-json\/wp\/v2\/media?parent=103"}],"curies":[{"name":"wp","href":"https:\/\/api.w.org\/{rel}","templated":true}]}}