{"id":21,"date":"2020-01-16T15:37:47","date_gmt":"2020-01-16T14:37:47","guid":{"rendered":"http:\/\/compagnieboom.com\/?page_id=21"},"modified":"2020-06-12T12:00:31","modified_gmt":"2020-06-12T10:00:31","slug":"compagnie","status":"publish","type":"page","link":"https:\/\/compagnieboom.com\/index.php\/compagnie\/","title":{"rendered":"COMPAGNIE"},"content":{"rendered":"<div class=\"fusion-fullwidth fullwidth-box fusion-builder-row-1 nonhundred-percent-fullwidth non-hundred-percent-height-scrolling\"  style='background-color: #ffffff;background-position: center center;background-repeat: no-repeat;padding-top:0px;padding-right:0px;padding-bottom:0px;padding-left:0px;'><div class=\"fusion-builder-row fusion-row \"><div  class=\"fusion-layout-column fusion_builder_column fusion_builder_column_1_3 fusion-builder-column-1 fusion-one-third fusion-column-first 1_3\"  style='margin-top:0px;margin-bottom:20px;width:33.33%;width:calc(33.33% - ( ( 4% ) * 0.3333 ) );margin-right: 4%;'>\n\t\t\t\t\t<div class=\"fusion-column-wrapper\" style=\"padding: 0px 0px 0px 0px;background-position:left top;background-repeat:no-repeat;-webkit-background-size:cover;-moz-background-size:cover;-o-background-size:cover;background-size:cover;\"   data-bg-url=\"\">\n\t\t\t\t\t\t<div class=\"fusion-clearfix\"><\/div>\n\n\t\t\t\t\t<\/div>\n\t\t\t\t<\/div><div  class=\"fusion-layout-column fusion_builder_column fusion_builder_column_2_3 fusion-builder-column-2 fusion-two-third fusion-column-last 2_3\"  style='margin-top:0px;margin-bottom:20px;width:66.66%;width:calc(66.66% - ( ( 4% ) * 0.6666 ) );'>\n\t\t\t\t\t<div class=\"fusion-column-wrapper\" style=\"padding: 0px 0px 0px 0px;background-position:left top;background-repeat:no-repeat;-webkit-background-size:cover;-moz-background-size:cover;-o-background-size:cover;background-size:cover;\"   data-bg-url=\"\">\n\t\t\t\t\t\t<div class=\"fusion-text\"><h1 style=\"text-align: left;\">La compagnie BOOM<\/h1>\n<\/div><div class=\"fusion-text\"><p style=\"text-align: justify;\">La Compagnie BOOM est n\u00e9e en 2019 sous l&rsquo;impulsion de la com\u00e9dienne-marionnettiste Zo\u00e9 Grossot. La compagnie na\u00eet \u00e0 la suite d&rsquo;un premier spectacle de th\u00e9\u00e2tre d&rsquo;objets <em>L&rsquo;Univers a un go\u00fbt de framboise<\/em>, forme courte qui aborde la cosmologie et la pal\u00e9oanthropologie. Les spectacles naissent toujours d&rsquo;un int\u00e9r\u00eat autour d&rsquo;une th\u00e9matique et d&rsquo;une urgence de transmettre cette connaissance. Raconter en adresse directe au spectateur\u00b7rice ce qui nous a \u00e9mu\u00b7e, \u00e9tonn\u00e9\u00b7e, surpris\u00b7e, et le mettre en sc\u00e8ne en utilisant le signe. La compagnie travaille en effet en m\u00ealant th\u00e9\u00e2tre, objet, marionnette et clown contemporain.<\/p>\n<\/div><span class=\"fusion-imageframe imageframe-none imageframe-1 hover-type-none\"><img loading=\"lazy\" src=\"http:\/\/compagnieboom.com\/wp-content\/uploads\/2020\/01\/Photounivers3-Web.jpg\" width=\"1024\" height=\"683\" alt=\"\" title=\"Photo Univers -Web\" class=\"img-responsive wp-image-25\" srcset=\"https:\/\/compagnieboom.com\/wp-content\/uploads\/2020\/01\/Photounivers3-Web-200x133.jpg 200w, https:\/\/compagnieboom.com\/wp-content\/uploads\/2020\/01\/Photounivers3-Web-400x267.jpg 400w, https:\/\/compagnieboom.com\/wp-content\/uploads\/2020\/01\/Photounivers3-Web-600x400.jpg 600w, https:\/\/compagnieboom.com\/wp-content\/uploads\/2020\/01\/Photounivers3-Web-800x534.jpg 800w, https:\/\/compagnieboom.com\/wp-content\/uploads\/2020\/01\/Photounivers3-Web.jpg 1024w\" sizes=\"(max-width: 800px) 100vw, 800px\" \/><\/span><div class=\"fusion-clearfix\"><\/div>\n\n\t\t\t\t\t<\/div>\n\t\t\t\t<\/div><\/div><\/div>\n","protected":false},"excerpt":{"rendered":"","protected":false},"author":1,"featured_media":0,"parent":0,"menu_order":0,"comment_status":"closed","ping_status":"closed","template":"","meta":[],"_links":{"self":[{"href":"https:\/\/compagnieboom.com\/index.php\/wp-json\/wp\/v2\/pages\/21"}],"collection":[{"href":"https:\/\/compagnieboom.com\/index.php\/wp-json\/wp\/v2\/pages"}],"about":[{"href":"https:\/\/compagnieboom.com\/index.php\/wp-json\/wp\/v2\/types\/page"}],"author":[{"embeddable":true,"href":"https:\/\/compagnieboom.com\/index.php\/wp-json\/wp\/v2\/users\/1"}],"replies":[{"embeddable":true,"href":"https:\/\/compagnieboom.com\/index.php\/wp-json\/wp\/v2\/comments?post=21"}],"version-history":[{"count":13,"href":"https:\/\/compagnieboom.com\/index.php\/wp-json\/wp\/v2\/pages\/21\/revisions"}],"predecessor-version":[{"id":333,"href":"https:\/\/compagnieboom.com\/index.php\/wp-json\/wp\/v2\/pages\/21\/revisions\/333"}],"wp:attachment":[{"href":"https:\/\/compagnieboom.com\/index.php\/wp-json\/wp\/v2\/media?parent=21"}],"curies":[{"name":"wp","href":"https:\/\/api.w.org\/{rel}","templated":true}]}}