{"id":583,"date":"2024-12-16T16:08:22","date_gmt":"2024-12-16T15:08:22","guid":{"rendered":"http:\/\/compagnieboom.com\/?page_id=583"},"modified":"2026-02-06T12:37:54","modified_gmt":"2026-02-06T11:37:54","slug":"lechappee","status":"publish","type":"page","link":"https:\/\/compagnieboom.com\/index.php\/lechappee\/","title":{"rendered":"L&rsquo;\u00c9chapp\u00e9e"},"content":{"rendered":"<div class=\"fusion-fullwidth fullwidth-box fusion-builder-row-1 nonhundred-percent-fullwidth non-hundred-percent-height-scrolling\"  style='background-color: #ffffff;background-position: center center;background-repeat: no-repeat;padding-top:0px;padding-right:0px;padding-bottom:0px;padding-left:0px;'><div class=\"fusion-builder-row fusion-row \"><div  class=\"fusion-layout-column fusion_builder_column fusion_builder_column_1_3 fusion-builder-column-1 fusion-one-third fusion-column-first 1_3\"  style='margin-top:0px;margin-bottom:20px;width:33.33%;width:calc(33.33% - ( ( 4% ) * 0.3333 ) );margin-right: 4%;'>\n\t\t\t\t\t<div class=\"fusion-column-wrapper\" style=\"padding: 0px 0px 0px 0px;background-position:left top;background-repeat:no-repeat;-webkit-background-size:cover;-moz-background-size:cover;-o-background-size:cover;background-size:cover;\"   data-bg-url=\"\">\n\t\t\t\t\t\t<div class=\"fusion-clearfix\"><\/div>\n\n\t\t\t\t\t<\/div>\n\t\t\t\t<\/div><div  class=\"fusion-layout-column fusion_builder_column fusion_builder_column_2_3 fusion-builder-column-2 fusion-two-third fusion-column-last 2_3\"  style='margin-top:0px;margin-bottom:20px;width:66.66%;width:calc(66.66% - ( ( 4% ) * 0.6666 ) );'>\n\t\t\t\t\t<div class=\"fusion-column-wrapper\" style=\"padding: 0px 0px 0px 0px;background-position:left top;background-repeat:no-repeat;-webkit-background-size:cover;-moz-background-size:cover;-o-background-size:cover;background-size:cover;\"   data-bg-url=\"\">\n\t\t\t\t\t\t<BR>\n<BR><div class=\"fusion-text\"><h1>L&rsquo;<span class=\"ILfuVd\" lang=\"fr\"><span class=\"hgKElc\">\u00c9<\/span><\/span>chapp\u00e9e\u00a0<\/h1>\n<h2>Th\u00e9\u00e2tre de papier<\/h2>\n<h2>\u00a0<\/h2>\n<\/div><div class=\"fusion-slider-sc fusion-flexslider-loading flexslider flexslider-hover-type-none\" style=\"max-width:100%;height:100%;\"><ul class=\"slides\"><li class=\"image\"><span class=\"fusion-image-hover-element hover-type-none\"><img loading=\"lazy\" src=\"http:\/\/compagnieboom.com\/wp-content\/uploads\/2026\/01\/Photos-Echappe\u0301e-Romain-Le-Gall-Brachet-2.jpg\" width=\"1\" height=\"1\" class=\"wp-image-644\" \/><\/span><\/li><li class=\"image\"><span class=\"fusion-image-hover-element hover-type-none\"><img loading=\"lazy\" src=\"http:\/\/compagnieboom.com\/wp-content\/uploads\/2026\/01\/DSC07761.jpeg\" width=\"1\" height=\"1\" class=\"wp-image-654\" \/><\/span><\/li><li class=\"image\"><span class=\"fusion-image-hover-element hover-type-none\"><img loading=\"lazy\" src=\"http:\/\/compagnieboom.com\/wp-content\/uploads\/2026\/01\/Photos-Echappe\u0301e-Romain-Le-Gall-Brachet-6.jpg\" width=\"1\" height=\"1\" class=\"wp-image-642\" \/><\/span><\/li><li class=\"image\"><span class=\"fusion-image-hover-element hover-type-none\"><img loading=\"lazy\" src=\"http:\/\/compagnieboom.com\/wp-content\/uploads\/2026\/01\/Photos-Echappe\u0301e-Romain-Le-Gall-Brachet-3.jpg\" width=\"1\" height=\"1\" class=\"wp-image-651\" \/><\/span><\/li><li class=\"image\"><span class=\"fusion-image-hover-element hover-type-none\"><img loading=\"lazy\" src=\"http:\/\/compagnieboom.com\/wp-content\/uploads\/2026\/01\/DSC08193.jpeg\" width=\"1\" height=\"1\" class=\"wp-image-658\" \/><\/span><\/li><\/ul><\/div><div class=\"fusion-text\"><h2 style=\"text-align: center;\"><strong>Un spectacle de th\u00e9\u00e2tre de papier<br \/>\nsur la vraie fausse histoire d&rsquo;Annie Kopchovsky,<br \/>\npremi\u00e8re femme \u00e0 faire le tour du monde \u00e0 bicyclette en 1895<\/strong><\/h2>\n<\/div><BR>\n<BR><style type='text\/css'>.reading-box-container-1 .element-bottomshadow:before,.reading-box-container-1 .element-bottomshadow:after{opacity:0.7;}<\/style><div class=\"fusion-reading-box-container reading-box-container-1\" style=\"margin-top:0px;margin-bottom:20px;\"><div class=\"reading-box\" style=\"background-color:#f6f6f6;border-width:1px;border-color:#f6f6f6;border-left-width:3px;border-left-color:var(--primary_color);border-style:solid;\"><h2>L'\u00c9chapp\u00e9e<\/h2><div class=\"reading-box-additional fusion-reading-box-additional\">\n<ul>\n<li>Jauge max : 100 spectateur\u00b7ices<\/li>\n<li>Tout public \u00e0 partir de 8 ans<\/li>\n<li>45 min<\/li>\n<\/ul>\n<p><i>Co-mise en sc\u00e8ne : Zo\u00e9 Grossot et Alexandra Vuillet<br \/>Jeu et interpr\u00e9tation : Zo\u00e9 Grossot\u00a0<br \/>Sc\u00e9nographie : Cerise Guyon<br \/>Costumes : Salom\u00e9 Vandendriessche<br \/>Conseill\u00e8re dramaturgique : Karima El Kharraze<br \/>Cr\u00e9ation lumi\u00e8re : Romain Le Gall-Brachet<br \/>Cr\u00e9ation sonore : Thomas Demay<br \/>R\u00e9gie : Romain Le Gall-Brachet ou Coline M\u00e9nard<br \/>Production : Am\u00e9 Wallerant<\/i><\/p>\n<p>Cette forme courte est con\u00e7ue pour th\u00e9\u00e2tre et d\u00e9centralisation, le noir et le gradinage sont obligatoires. Un espace de 6 m x 6 m est n\u00e9cessaire.<\/p>\n<p><strong>\u00a0<\/strong><\/p>\n<\/div><div class=\"fusion-clearfix\"><\/div><\/div><\/div><div class=\"fusion-video fusion-vimeo\" style=\"max-width:600px;max-height:360px;\"><div class=\"video-shortcode\"><iframe src=\"https:\/\/player.vimeo.com\/video\/1160979010?autoplay=0&autopause=0\" width=\"600\" height=\"360\" allowfullscreen title=\"vimeo1160979010\" allow=\"autoplay; fullscreen\"><\/iframe><\/div><\/div><BR>\n<BR><div class=\"fusion-button-wrapper\"><style type=\"text\/css\">.fusion-button.button-1 {border-radius:3px;}<\/style><a class=\"fusion-button button-flat fusion-button-default-size button-default button-1 fusion-button-default-span fusion-button-default-type\" target=\"_self\" href=\"http:\/\/compagnieboom.com\/wp-content\/uploads\/2026\/01\/Dossier-LEchappe\u0301e-Compagnie-BOOM-30.05.25.pdf-1.pdf\"><span class=\"fusion-button-text\">Dossier \u00ab\u00a0L&rsquo;Echapp\u00e9e\u00a0\u00bb<\/span><\/a><\/div><br><br><div class=\"fusion-text\"><h2>Coproductions<\/h2>\n<p><strong><a href=\"https:\/\/www.thea-valdoise-public.org\/le-pivo-th%C3%A9%C3%A2tre-en-territoire\/\">PIVO<\/a> &#8211; Sc\u00e8ne conventionn\u00e9e art en territoire <\/strong>(co-production, pr\u00e9-achat)<\/p>\n<p><strong><a href=\"https:\/\/ecam-lekremlinbicetre.com\/\">ECAM<\/a> au Kremin-Bic\u00eatre <\/strong>(coproduction, accueil en r\u00e9sidence, pr\u00e9-achats)<\/p>\n<p><strong><a href=\"https:\/\/www.cotecour.fr\/\">C\u00f4t\u00e9 cour<\/a> &#8211; sc\u00e8ne conventionn\u00e9e art, enfance et jeunesse <\/strong>(coproduction &#8211; pr\u00e9-achats)<\/p>\n<p><strong><a href=\"https:\/\/www.amin-theatre.fr\/le-tag\/\">TAG Amin<\/a> Th\u00e9\u00e2tre \u00e0 Grigny<\/strong> (coproduction, accueil en r\u00e9sidence)<\/p>\n<p><strong><a href=\"https:\/\/www.le-totem.com\/\">Le TOTEM<\/a> &#8211;\u00a0<\/strong> (accueil en r\u00e9sidence)<\/p>\n<p><strong>FACM<\/strong> \u2013 Fonds d\u2019aide \u00e0 la cr\u00e9ation mutualis\u00e9, un dispositif du <strong><a href=\"https:\/\/www.thea-valdoise-public.org\/le-pivo-th%C3%A9%C3%A2tre-en-territoire\/\">PIVO<\/a><\/strong> &#8211; Th\u00e9\u00e2tre en territoire (coproduction)<\/p>\n<h2>Soutiens<\/h2>\n<p>Th\u00e9\u00e2tre intercommunal d&rsquo;<span class=\"ILfuVd\" lang=\"fr\"><span class=\"hgKElc\">\u00c9<\/span><\/span>tampes (pr\u00e9-achats), Th\u00e9\u00e2tre du Garde-chasse aux Lilas (pr\u00e9-achats), MJC Palaiseau (pr\u00e9-achats)<\/p>\n<p>La compagnie est toujours \u00e0 la recherche de soutiens, en coproduction, accueil en r\u00e9sidence et pr\u00e9-achats.<\/p>\n<p>Le spectacle re\u00e7oit le soutien de la r\u00e9gion Ile-de-France.<\/p>\n<\/div><span class=\"fusion-imageframe imageframe-none imageframe-1 hover-type-none\"><img loading=\"lazy\" src=\"http:\/\/compagnieboom.com\/wp-content\/uploads\/2024\/12\/Capture-de\u0301cran-2024-12-16-a\u0300-15.43.55.png\" width=\"2690\" height=\"842\" alt=\"\" title=\"Logo partenaire L&rsquo;Echapp\u00e9e\" class=\"img-responsive wp-image-593\" srcset=\"https:\/\/compagnieboom.com\/wp-content\/uploads\/2024\/12\/Capture-de\u0301cran-2024-12-16-a\u0300-15.43.55-200x63.png 200w, https:\/\/compagnieboom.com\/wp-content\/uploads\/2024\/12\/Capture-de\u0301cran-2024-12-16-a\u0300-15.43.55-400x125.png 400w, https:\/\/compagnieboom.com\/wp-content\/uploads\/2024\/12\/Capture-de\u0301cran-2024-12-16-a\u0300-15.43.55-600x188.png 600w, https:\/\/compagnieboom.com\/wp-content\/uploads\/2024\/12\/Capture-de\u0301cran-2024-12-16-a\u0300-15.43.55-800x250.png 800w, https:\/\/compagnieboom.com\/wp-content\/uploads\/2024\/12\/Capture-de\u0301cran-2024-12-16-a\u0300-15.43.55-1200x376.png 1200w, https:\/\/compagnieboom.com\/wp-content\/uploads\/2024\/12\/Capture-de\u0301cran-2024-12-16-a\u0300-15.43.55.png 2690w\" sizes=\"(max-width: 800px) 100vw, 800px\" \/><\/span><div class=\"fusion-clearfix\"><\/div>\n\n\t\t\t\t\t<\/div>\n\t\t\t\t<\/div><\/div><\/div>\n","protected":false},"excerpt":{"rendered":"","protected":false},"author":1,"featured_media":0,"parent":0,"menu_order":0,"comment_status":"closed","ping_status":"closed","template":"","meta":[],"_links":{"self":[{"href":"https:\/\/compagnieboom.com\/index.php\/wp-json\/wp\/v2\/pages\/583"}],"collection":[{"href":"https:\/\/compagnieboom.com\/index.php\/wp-json\/wp\/v2\/pages"}],"about":[{"href":"https:\/\/compagnieboom.com\/index.php\/wp-json\/wp\/v2\/types\/page"}],"author":[{"embeddable":true,"href":"https:\/\/compagnieboom.com\/index.php\/wp-json\/wp\/v2\/users\/1"}],"replies":[{"embeddable":true,"href":"https:\/\/compagnieboom.com\/index.php\/wp-json\/wp\/v2\/comments?post=583"}],"version-history":[{"count":19,"href":"https:\/\/compagnieboom.com\/index.php\/wp-json\/wp\/v2\/pages\/583\/revisions"}],"predecessor-version":[{"id":685,"href":"https:\/\/compagnieboom.com\/index.php\/wp-json\/wp\/v2\/pages\/583\/revisions\/685"}],"wp:attachment":[{"href":"https:\/\/compagnieboom.com\/index.php\/wp-json\/wp\/v2\/media?parent=583"}],"curies":[{"name":"wp","href":"https:\/\/api.w.org\/{rel}","templated":true}]}}