{"id":61,"date":"2020-01-17T07:41:37","date_gmt":"2020-01-17T06:41:37","guid":{"rendered":"http:\/\/compagnieboom.com\/?page_id=61"},"modified":"2022-10-17T12:09:40","modified_gmt":"2022-10-17T10:09:40","slug":"lunivers-a-un-gout-de-framboise","status":"publish","type":"page","link":"https:\/\/compagnieboom.com\/index.php\/lunivers-a-un-gout-de-framboise\/","title":{"rendered":"L&rsquo;Univers a un go\u00fbt de framboise"},"content":{"rendered":"<p><div class=\"fusion-fullwidth fullwidth-box fusion-builder-row-1 nonhundred-percent-fullwidth non-hundred-percent-height-scrolling\"  style='background-color: #ffffff;background-position: center center;background-repeat: no-repeat;padding-top:0px;padding-right:0px;padding-bottom:0px;padding-left:0px;'><div class=\"fusion-builder-row fusion-row \"><div  class=\"fusion-layout-column fusion_builder_column fusion_builder_column_1_3 fusion-builder-column-1 fusion-one-third fusion-column-first 1_3\"  style='margin-top:0px;margin-bottom:196px;width:33.33%;width:calc(33.33% - ( ( 4% ) * 0.3333 ) );margin-right: 4%;'>\n\t\t\t\t\t<div class=\"fusion-column-wrapper\" style=\"padding: 0px 0px 214px 0px;background-position:left top;background-repeat:no-repeat;-webkit-background-size:cover;-moz-background-size:cover;-o-background-size:cover;background-size:cover;\"   data-bg-url=\"\">\n\t\t\t\t\t\t<BR>\n<BR><span class=\"fusion-imageframe imageframe-none imageframe-1 hover-type-none\"><img loading=\"lazy\" src=\"http:\/\/compagnieboom.com\/wp-content\/uploads\/2020\/01\/Photounivers3-CROP-Portrait-Web.jpg\" width=\"430\" height=\"683\" alt=\"\" title=\"Photounivers3-CROP-Portrait-Web\" class=\"img-responsive wp-image-62\" srcset=\"https:\/\/compagnieboom.com\/wp-content\/uploads\/2020\/01\/Photounivers3-CROP-Portrait-Web-200x318.jpg 200w, https:\/\/compagnieboom.com\/wp-content\/uploads\/2020\/01\/Photounivers3-CROP-Portrait-Web-400x635.jpg 400w, https:\/\/compagnieboom.com\/wp-content\/uploads\/2020\/01\/Photounivers3-CROP-Portrait-Web.jpg 430w\" sizes=\"(max-width: 800px) 100vw, 400px\" \/><\/span><div class=\"fusion-text\"><\/div><div class=\"fusion-clearfix\"><\/div>\n\n\t\t\t\t\t<\/div>\n\t\t\t\t<\/div><div  class=\"fusion-layout-column fusion_builder_column fusion_builder_column_2_3 fusion-builder-column-2 fusion-two-third fusion-column-last 2_3\"  style='margin-top:0px;margin-bottom:20px;width:66.66%;width:calc(66.66% - ( ( 4% ) * 0.6666 ) );'>\n\t\t\t\t\t<div class=\"fusion-column-wrapper\" style=\"padding: 0px 0px 0px 0px;background-position:left top;background-repeat:no-repeat;-webkit-background-size:cover;-moz-background-size:cover;-o-background-size:cover;background-size:cover;\"   data-bg-url=\"\">\n\t\t\t\t\t\t<BR>\n<BR><div class=\"fusion-text\"><h1 style=\"font-size: 28.807px; line-height: 39.822px;\" data-fontsize=\"34\" data-lineheight=\"47\">L&rsquo;UNIVERS A UN GO\u00dbT DE FRAMBOISE<\/h1>\n<h2 style=\"font-size: 18px; line-height: 1.5;\" data-fontsize=\"18\" data-lineheight=\"27\">Conf\u00e9rence fulgurante sur le cosmos et l&rsquo;apparition de l&rsquo;esp\u00e8ce humaine<\/h2><\/p>\n<\/div><style type='text\/css'>.reading-box-container-1 .element-bottomshadow:before,.reading-box-container-1 .element-bottomshadow:after{opacity:0.7;}<\/style><div class=\"fusion-reading-box-container reading-box-container-1\" style=\"margin-top:0px;margin-bottom:20px;\"><div class=\"reading-box\" style=\"background-color:#f6f6f6;border-width:1px;border-color:#f6f6f6;border-left-width:3px;border-left-color:var(--primary_color);border-style:solid;\"><h2>Th\u00e9\u00e2tre d'objets<\/h2><div class=\"reading-box-additional fusion-reading-box-additional\"><i>Forme courte tout-terrain (th\u00e9\u00e2tre, m\u00e9diath\u00e8que, plein air, \u00e9cole)<\/i><\/p>\n<ul>\n<li>Dur\u00e9e : 30 min\n<li>Jauge : 40 spectateurs (parterre)\n<li>100 \u00e0 150 spectateurs (gradins)\n<li>Public : \u00e0 partir de 8 ans<\/li>\n<\/ul>\n<\/div><div class=\"fusion-clearfix\"><\/div><\/div><\/div><div class=\"fusion-text\"><p align=\"JUSTIFY\">Curieuse et passionn\u00e9e, Zo\u00e9 Grossot nous fait partager son \u00e9merveillement devant l\u2019astrophysique et la pal\u00e9oanthropologie. Certaines informations la bouleversent, d&rsquo;autres l&rsquo;\u00e9meuvent. Dans un univers intimiste fait de mati\u00e8res brutes, la jeune femme nous raconte l\u2019origine de tout, et donc forc\u00e9ment nous questionne sur qui nous sommes aujourd\u2019hui. Ce qui la guide, c&rsquo;est l&rsquo;urgence \u00e0 dire la po\u00e9sie de ces th\u00e9matiques.<\/span><\/span><\/p>\n<p><i>De et avec : Zo\u00e9 Grossot<br \/>\nCollaboration artistique et dramaturgique : Lou Simon<br \/>\nCollaboration artistique et jeu : Kristina Dementeva<\/i><\/p>\n<\/div><BR><style type=\"text\/css\">.fusion-gallery-1 .fusion-gallery-image {border:0px solid #f6f6f6;}<\/style><div class=\"fusion-gallery fusion-gallery-container fusion-grid-1 fusion-columns-total-0 fusion-gallery-layout-grid fusion-gallery-1\" style=\"margin:-5px;\"><div style=\"padding:5px;\" class=\"fusion-grid-column fusion-gallery-column fusion-gallery-column-1 hover-type-none\"><div class=\"fusion-gallery-image\"><a href=\"https:\/\/compagnieboom.com\/wp-content\/uploads\/2020\/01\/Univers-a-un-gou\u0302t-de-framboise-1-scaled.jpg\" rel=\"noreferrer\" data-rel=\"iLightbox[gallery_image_1]\" class=\"fusion-lightbox\" target=\"_self\"><img loading=\"lazy\" src=\"https:\/\/compagnieboom.com\/wp-content\/uploads\/2020\/01\/Univers-a-un-gou\u0302t-de-framboise-1-scaled.jpg\" width=\"2560\" height=\"1707\" alt=\"Univers a un go\u00fbt de framboise 1\" title=\"Univers a un gou\u0302t de framboise 1\" aria-label=\"Univers a un gou\u0302t de framboise 1\" class=\"img-responsive wp-image-270\" srcset=\"https:\/\/compagnieboom.com\/wp-content\/uploads\/2020\/01\/Univers-a-un-gou\u0302t-de-framboise-1-200x133.jpg 200w, https:\/\/compagnieboom.com\/wp-content\/uploads\/2020\/01\/Univers-a-un-gou\u0302t-de-framboise-1-400x267.jpg 400w, https:\/\/compagnieboom.com\/wp-content\/uploads\/2020\/01\/Univers-a-un-gou\u0302t-de-framboise-1-600x400.jpg 600w, https:\/\/compagnieboom.com\/wp-content\/uploads\/2020\/01\/Univers-a-un-gou\u0302t-de-framboise-1-800x533.jpg 800w, https:\/\/compagnieboom.com\/wp-content\/uploads\/2020\/01\/Univers-a-un-gou\u0302t-de-framboise-1-1200x800.jpg 1200w, https:\/\/compagnieboom.com\/wp-content\/uploads\/2020\/01\/Univers-a-un-gou\u0302t-de-framboise-1-scaled.jpg 2560w\" sizes=\"(min-width: 2200px) 100vw, (min-width: 640px) 1100px, \" \/><\/a><\/div><\/div><div class=\"clearfix\"><\/div><div style=\"padding:5px;\" class=\"fusion-grid-column fusion-gallery-column fusion-gallery-column-1 hover-type-none\"><div class=\"fusion-gallery-image\"><a href=\"https:\/\/compagnieboom.com\/wp-content\/uploads\/2020\/01\/Univers-a-un-gou\u0302t-de-framboise-2-scaled.jpg\" rel=\"noreferrer\" data-rel=\"iLightbox[gallery_image_1]\" class=\"fusion-lightbox\" target=\"_self\"><img loading=\"lazy\" src=\"https:\/\/compagnieboom.com\/wp-content\/uploads\/2020\/01\/Univers-a-un-gou\u0302t-de-framboise-2-scaled.jpg\" width=\"2560\" height=\"1707\" alt=\"Univers a un go\u00fbt de framboise 2\" title=\"Univers a un gou\u0302t de framboise 2\" aria-label=\"Univers a un gou\u0302t de framboise 2\" class=\"img-responsive wp-image-271\" srcset=\"https:\/\/compagnieboom.com\/wp-content\/uploads\/2020\/01\/Univers-a-un-gou\u0302t-de-framboise-2-200x133.jpg 200w, https:\/\/compagnieboom.com\/wp-content\/uploads\/2020\/01\/Univers-a-un-gou\u0302t-de-framboise-2-400x267.jpg 400w, https:\/\/compagnieboom.com\/wp-content\/uploads\/2020\/01\/Univers-a-un-gou\u0302t-de-framboise-2-600x400.jpg 600w, https:\/\/compagnieboom.com\/wp-content\/uploads\/2020\/01\/Univers-a-un-gou\u0302t-de-framboise-2-800x533.jpg 800w, https:\/\/compagnieboom.com\/wp-content\/uploads\/2020\/01\/Univers-a-un-gou\u0302t-de-framboise-2-1200x800.jpg 1200w, https:\/\/compagnieboom.com\/wp-content\/uploads\/2020\/01\/Univers-a-un-gou\u0302t-de-framboise-2-scaled.jpg 2560w\" sizes=\"(min-width: 2200px) 100vw, (min-width: 640px) 1100px, \" \/><\/a><\/div><\/div><div class=\"clearfix\"><\/div><div style=\"padding:5px;\" class=\"fusion-grid-column fusion-gallery-column fusion-gallery-column-1 hover-type-none\"><div class=\"fusion-gallery-image\"><a href=\"https:\/\/compagnieboom.com\/wp-content\/uploads\/2020\/01\/Jardinparallele2-Web.jpg\" rel=\"noreferrer\" data-rel=\"iLightbox[gallery_image_1]\" class=\"fusion-lightbox\" target=\"_self\"><img loading=\"lazy\" src=\"https:\/\/compagnieboom.com\/wp-content\/uploads\/2020\/01\/Jardinparallele2-Web.jpg\" width=\"1024\" height=\"576\" alt=\"\" title=\"Jardinparallele2-Web\" aria-label=\"Jardinparallele2-Web\" class=\"img-responsive wp-image-23\" srcset=\"https:\/\/compagnieboom.com\/wp-content\/uploads\/2020\/01\/Jardinparallele2-Web-200x113.jpg 200w, https:\/\/compagnieboom.com\/wp-content\/uploads\/2020\/01\/Jardinparallele2-Web-400x225.jpg 400w, https:\/\/compagnieboom.com\/wp-content\/uploads\/2020\/01\/Jardinparallele2-Web-600x338.jpg 600w, https:\/\/compagnieboom.com\/wp-content\/uploads\/2020\/01\/Jardinparallele2-Web-800x450.jpg 800w, https:\/\/compagnieboom.com\/wp-content\/uploads\/2020\/01\/Jardinparallele2-Web.jpg 1024w\" sizes=\"(min-width: 2200px) 100vw, (min-width: 640px) 1100px, \" \/><\/a><\/div><\/div><div class=\"clearfix\"><\/div><\/div><BR><div class=\"fusion-testimonials classic fusion-testimonials-1\" data-random=\"0\" data-speed=\"4000\"><style type=\"text\/css\">#fusion-testimonials-1 a{border-color:#747474;}#fusion-testimonials-1 a:hover, #fusion-testimonials-1 .activeSlide{background-color: #747474;}.fusion-testimonials.classic.fusion-testimonials-1 .author:after{border-top-color:#f6f3f3 !important;}<\/style><div class=\"reviews\"><div class=\"review female\"><blockquote><q style=\"background-color:#f6f3f3;color:#747474;\" class=\"fusion-clearfix\">\n<p>L\u2019Univers a un go\u00fbt de framboise ouvre la porte de la curiosit\u00e9 et nous donne un sentiment d\u2019appartenance. Quoi de plus beau ?<\/p>\n<\/q><\/blockquote><div class=\"author\" style=\"color:#747474;\"><span class=\"testimonial-thumbnail doe\" style=\"color:#747474;\"><\/span><span class=\"company-name\"><strong>KATY DEVILLE, Th\u00e9\u00e2tre de Cuisine<\/strong><\/span><\/div><\/div><\/div><\/div><BR><div class=\"fusion-testimonials classic fusion-testimonials-2\" data-random=\"0\" data-speed=\"4000\"><style type=\"text\/css\">#fusion-testimonials-2 a{border-color:#747474;}#fusion-testimonials-2 a:hover, #fusion-testimonials-2 .activeSlide{background-color: #747474;}.fusion-testimonials.classic.fusion-testimonials-2 .author:after{border-top-color:#f6f3f3 !important;}<\/style><div class=\"reviews\"><div class=\"review male\"><blockquote><q style=\"background-color:#f6f3f3;color:#747474;\" class=\"fusion-clearfix\">\n<p>L\u2019Univers a un go\u00fbt de framboise, (\u2026) est un objet spectaculaire intelligent et \u00e9mouvant. La forme choisie : la visualisation de l\u2019esp\u00e8ce humaine, puis de l\u2019Univers ensuite, par le truchement de diff\u00e9rents min\u00e9raux, lui permet une po\u00e9sie visuelle imm\u00e9diate par le d\u00e9calage m\u00e9taphorique. L\u2019interpr\u00e8te s\u2019appuie \u00e9galement sur une pr\u00e9sence sc\u00e9nique \u00e9vidente, doubl\u00e9e d\u2019une affinit\u00e9 pour le clown qui lui permet de distiller un humour presque na\u00eff qui accompagne et all\u00e8ge extr\u00eamement bien le propos. (\u2026) Il s\u2019agit d\u2019une \u0153uvre tr\u00e8s intelligemment \u00e9crite, belle, po\u00e9tique, interpr\u00e9t\u00e9e avec justesse et conviction, qui m\u00e9rite d\u00e9finitivement qu\u2019on lui accorde un peu moins d\u2019une demie heure de son temps.<\/p>\n<\/q><\/blockquote><div class=\"author\" style=\"color:#747474;\"><span class=\"testimonial-thumbnail doe\" style=\"color:#747474;\"><\/span><span class=\"company-name\"><strong>MATHIEU DOCHTERMANN, www.toutelaculture.com<\/strong><\/span><\/div><\/div><\/div><\/div><BR><div class=\"fusion-video fusion-vimeo\" style=\"max-width:600px;max-height:360px;\"><div class=\"video-shortcode\"><iframe src=\"https:\/\/player.vimeo.com\/video\/293202130?autoplay=0&autopause=0\" width=\"600\" height=\"360\" allowfullscreen title=\"vimeo293202130\" allow=\"autoplay; fullscreen\"><\/iframe><\/div><\/div><BR><div class=\"fusion-button-wrapper\"><style type=\"text\/css\">.fusion-button.button-1 {border-radius:3px;}<\/style><a class=\"fusion-button button-flat button-medium button-default button-1 fusion-button-default-span \" target=\"_self\" href=\"http:\/\/compagnieboom.com\/wp-content\/uploads\/2020\/01\/DossierUnivers1119.pdf\"><span class=\"fusion-button-text\">Dossier du spectacle<\/span><\/a><\/div><BR>\n<BR><div class=\"fusion-button-wrapper\"><style type=\"text\/css\">.fusion-button.button-2 {border-radius:3px;}<\/style><a class=\"fusion-button button-flat button-medium button-default button-2 fusion-button-default-span fusion-button-default-type\" target=\"_self\" href=\"http:\/\/compagnieboom.com\/wp-content\/uploads\/2020\/01\/Fiche-technique-lUnivers-19.pdf\"><i class=\"fa-charging-station fas button-icon-left\"><\/i><span class=\"fusion-button-text\">Fiche technique du spectacle<\/span><\/a><\/div><div class=\"fusion-clearfix\"><\/div>\n\n\t\t\t\t\t<\/div>\n\t\t\t\t<\/div><\/div><\/div><div class=\"fusion-fullwidth fullwidth-box fusion-builder-row-2 nonhundred-percent-fullwidth non-hundred-percent-height-scrolling\"  style='background-color: #ffffff;background-position: center center;background-repeat: no-repeat;padding-top:0px;padding-right:0px;padding-bottom:0px;padding-left:0px;'><div class=\"fusion-builder-row fusion-row \"><\/div><\/div><\/p>\n","protected":false},"excerpt":{"rendered":"","protected":false},"author":1,"featured_media":0,"parent":0,"menu_order":0,"comment_status":"closed","ping_status":"closed","template":"","meta":[],"_links":{"self":[{"href":"https:\/\/compagnieboom.com\/index.php\/wp-json\/wp\/v2\/pages\/61"}],"collection":[{"href":"https:\/\/compagnieboom.com\/index.php\/wp-json\/wp\/v2\/pages"}],"about":[{"href":"https:\/\/compagnieboom.com\/index.php\/wp-json\/wp\/v2\/types\/page"}],"author":[{"embeddable":true,"href":"https:\/\/compagnieboom.com\/index.php\/wp-json\/wp\/v2\/users\/1"}],"replies":[{"embeddable":true,"href":"https:\/\/compagnieboom.com\/index.php\/wp-json\/wp\/v2\/comments?post=61"}],"version-history":[{"count":47,"href":"https:\/\/compagnieboom.com\/index.php\/wp-json\/wp\/v2\/pages\/61\/revisions"}],"predecessor-version":[{"id":464,"href":"https:\/\/compagnieboom.com\/index.php\/wp-json\/wp\/v2\/pages\/61\/revisions\/464"}],"wp:attachment":[{"href":"https:\/\/compagnieboom.com\/index.php\/wp-json\/wp\/v2\/media?parent=61"}],"curies":[{"name":"wp","href":"https:\/\/api.w.org\/{rel}","templated":true}]}}