{"id":93,"date":"2020-01-17T09:17:37","date_gmt":"2020-01-17T08:17:37","guid":{"rendered":"http:\/\/compagnieboom.com\/?page_id=93"},"modified":"2026-02-06T15:14:09","modified_gmt":"2026-02-06T14:14:09","slug":"elles","status":"publish","type":"page","link":"https:\/\/compagnieboom.com\/index.php\/elles\/","title":{"rendered":"En avant toutes"},"content":{"rendered":"<div class=\"fusion-fullwidth fullwidth-box fusion-builder-row-1 nonhundred-percent-fullwidth non-hundred-percent-height-scrolling\"  style='background-color: #ffffff;background-position: center center;background-repeat: no-repeat;padding-top:0px;padding-right:0px;padding-bottom:0px;padding-left:0px;'><div class=\"fusion-builder-row fusion-row \"><div  class=\"fusion-layout-column fusion_builder_column fusion_builder_column_1_3 fusion-builder-column-1 fusion-one-third fusion-column-first 1_3\"  style='margin-top:0px;margin-bottom:20px;width:33.33%;width:calc(33.33% - ( ( 4% ) * 0.3333 ) );margin-right: 4%;'>\n\t\t\t\t\t<div class=\"fusion-column-wrapper\" style=\"padding: 0px 0px 0px 0px;background-position:left top;background-repeat:no-repeat;-webkit-background-size:cover;-moz-background-size:cover;-o-background-size:cover;background-size:cover;\"   data-bg-url=\"\">\n\t\t\t\t\t\t<div class=\"fusion-clearfix\"><\/div>\n\n\t\t\t\t\t<\/div>\n\t\t\t\t<\/div><div  class=\"fusion-layout-column fusion_builder_column fusion_builder_column_2_3 fusion-builder-column-2 fusion-two-third fusion-column-last 2_3\"  style='margin-top:0px;margin-bottom:20px;width:66.66%;width:calc(66.66% - ( ( 4% ) * 0.6666 ) );'>\n\t\t\t\t\t<div class=\"fusion-column-wrapper\" style=\"padding: 0px 0px 0px 0px;background-position:left top;background-repeat:no-repeat;-webkit-background-size:cover;-moz-background-size:cover;-o-background-size:cover;background-size:cover;\"   data-bg-url=\"\">\n\t\t\t\t\t\t<BR>\n<BR><div class=\"fusion-text\"><h1>En avant toutes<\/h1>\n<h2>Th\u00e9\u00e2tre \u2013 Th\u00e9\u00e2tre de papier<\/h2>\n<\/div><span class=\"fusion-imageframe imageframe-none imageframe-1 hover-type-none\"><img loading=\"lazy\" src=\"http:\/\/compagnieboom.com\/wp-content\/uploads\/2022\/06\/DSC06337-v2-scaled.jpg\" width=\"2560\" height=\"1647\" alt=\"\" title=\"En avant toutes &#8211; Cr\u00e9dit photo Romain Le Gall Brachet\" class=\"img-responsive wp-image-420\" srcset=\"https:\/\/compagnieboom.com\/wp-content\/uploads\/2022\/06\/DSC06337-v2-200x129.jpg 200w, https:\/\/compagnieboom.com\/wp-content\/uploads\/2022\/06\/DSC06337-v2-400x257.jpg 400w, https:\/\/compagnieboom.com\/wp-content\/uploads\/2022\/06\/DSC06337-v2-600x386.jpg 600w, https:\/\/compagnieboom.com\/wp-content\/uploads\/2022\/06\/DSC06337-v2-800x515.jpg 800w, https:\/\/compagnieboom.com\/wp-content\/uploads\/2022\/06\/DSC06337-v2-1200x772.jpg 1200w, https:\/\/compagnieboom.com\/wp-content\/uploads\/2022\/06\/DSC06337-v2-scaled.jpg 2560w\" sizes=\"(max-width: 800px) 100vw, 800px\" \/><\/span><br><br>\n<br><br><div class=\"fusion-text\"><p align=\"JUSTIFY\">Connaissez-vous Anne Lister, Jos\u00e9phine Pencalet, Louise Chatelain ? Savez-vous qu&rsquo;en Nubie il existait une civilisation matriarcale aussi riche et florissante que la civilisation \u00e9gyptienne ? Ou bien que la plus grande flotte de pirates avait \u00e9t\u00e9 dirig\u00e9e par une femme ? Dans un seule en sc\u00e8ne, Zo\u00e9 Grossot exhume des portraits de femmes aux destins extraordinaires, que notre histoire a effac\u00e9es. Mais au-del\u00e0 de ces figures historiques que l\u2019on a oubli\u00e9es, il y a aussi toutes celles dont on ne connaitra jamais le nom, toutes celles qui resteront dans l\u2019ombre et que l\u2019on remarque \u00e0 peine. Gr\u00e2ce aux silhouettes de papier, Zo\u00e9 Grossot et Lou Simon, co-cr\u00e9atrice du spectacle, dessinent une autre r\u00e9alit\u00e9, ignor\u00e9e par nos imaginaires collectifs, et nous proposent d\u2019autres mod\u00e8les et d\u2019autres repr\u00e9sentations en dehors des st\u00e9r\u00e9otypes de genre. Un voyage entre les continents et les \u00e9poques qui fait la part belle aux femmes, \u00e0 leur diversit\u00e9, \u00e0 leurs destins exceptionnels mais aussi dramatiques, \u00e0 leur quotidien, \u00e0 leurs luttes, \u00e0 leur force. Une c\u00e9l\u00e9bration collective \u00e0 laquelle elle invite le public avec bienveillance et humour.<\/p>\n<\/div><BR>\n<BR><style type='text\/css'>.reading-box-container-1 .element-bottomshadow:before,.reading-box-container-1 .element-bottomshadow:after{opacity:0.7;}<\/style><div class=\"fusion-reading-box-container reading-box-container-1\" style=\"margin-top:0px;margin-bottom:20px;\"><div class=\"reading-box\" style=\"background-color:#f6f6f6;border-width:1px;border-color:#f6f6f6;border-left-width:3px;border-left-color:var(--primary_color);border-style:solid;\"><h2>En avant toutes<\/h2><div class=\"reading-box-additional fusion-reading-box-additional\">\n<ul>\n<li>Jauge max : 180 spectateurs<\/li>\n<li>Tout public : 11 ans<\/li>\n<li>Scolaire \u00e0 partir de la 5\u00e8me<\/li>\n<li>Dur\u00e9e : 1h15<\/li>\n<\/ul>\n<p><i>Jeu : Zo\u00e9 Grossot<br \/>Co-mise en sc\u00e8ne : Lou Simon et Zo\u00e9 Grossot<br \/>Sc\u00e9nographie : Cerise Guyon<br \/>Assistante sc\u00e9nographie et costume : Salom\u00e9 Vandendriessche<br \/>Regard clown : Erwan David<br \/>Conseill\u00e8re dramaturgique : Karima El Kharraze<br \/>Construction des silhouettes : Zo\u00e9 Grossot et Ana\u00efs Aubry<br \/>Cr\u00e9ation lumi\u00e8re: Romain Le Gall-Brachet<br \/>Cr\u00e9ation sonore : Thomas Demay<br \/>R\u00e9gie : Romain Le Gall-Brachet ou Eliah Ramon<br \/>Administration : Am\u00e9 Wallerant<br \/><i><\/i><\/i><\/p>\n<p><strong>Une adaptation LSF et une audio-description tdu spectacle existent<\/strong><\/p>\n<\/div><div class=\"fusion-clearfix\"><\/div><\/div><\/div><div class=\"fusion-video fusion-vimeo\" style=\"max-width:600px;max-height:360px;\"><div class=\"video-shortcode\"><iframe src=\"https:\/\/player.vimeo.com\/video\/664824782?autoplay=0&autopause=0\" width=\"600\" height=\"360\" allowfullscreen title=\"vimeo664824782\" allow=\"autoplay; fullscreen\"><\/iframe><\/div><\/div><BR>\n<BR><div class=\"fusion-button-wrapper\"><style type=\"text\/css\">.fusion-button.button-1 {border-radius:3px;}<\/style><a class=\"fusion-button button-flat fusion-button-default-size button-default button-1 fusion-button-default-span fusion-button-default-type\" target=\"_self\" href=\"http:\/\/compagnieboom.com\/wp-content\/uploads\/2022\/06\/Dossier-EAT0622.pdf\"><span class=\"fusion-button-text\">Dossier \u00ab\u00a0En avant toutes\u00a0\u00bb<\/span><\/a><\/div><br><br><div class=\"fusion-text\"><h2>Coproductions<\/h2>\n<p><strong><a href=\"https:\/\/www.theatrelepassage.fr\/\">Th\u00e9\u00e2tre le Passage<\/a><\/strong> \u00e0 F\u00e9camp (coproduction, accueil en r\u00e9sidence)<\/p>\n<p><a href=\"https:\/\/www.theatre-halle-roublot.fr\/\"><strong>Th\u00e9\u00e2tre Halle Roublot<\/strong><\/a> \u00e0 Fontenay sous Bois (compagnonnage, coproduction, accueil en r\u00e9sidence, pr\u00e9-achat)<\/p>\n<p><a href=\"http:\/\/www.theatrejeanarp.com\/index.cfm\"><strong>Th\u00e9\u00e2tre Jean Arp<\/strong><\/a> \u00e0 Clamart (coproduction, accueil en r\u00e9sidence)<\/p>\n<p><a href=\"http:\/\/www.festivalmarto.com\/\"><strong>Festival MARTO<\/strong><\/a> (coproduction &#8211; pr\u00e9-achats<\/p>\n<p><a href=\"http:\/\/la-nef.org\/\"><strong>La Nef<\/strong><\/a> &#8211; Manufacture d&rsquo;utopies (accueil en r\u00e9sidence)<\/p>\n<p><strong>FACM<\/strong> \u2013 Fonds d\u2019aide \u00e0 la cr\u00e9ation mutualis\u00e9, un dispositif du <strong><a href=\"https:\/\/www.thea-valdoise-public.org\/le-pivo-th%C3%A9%C3%A2tre-en-territoire\/\">PIVO<\/a><\/strong> &#8211; Th\u00e9\u00e2tre en territoire (coproduction)<\/p>\n<h2>Soutiens<\/h2>\n<p><a href=\"http:\/\/www.theatre71.com\/\"><strong>Th\u00e9\u00e2tre 71<\/strong><\/a> &#8211; Fabrique des Arts \u00e0 Malakoff (accueil en r\u00e9sidence)<\/p>\n<p>Le spectacle re\u00e7oit le soutien de la r\u00e9gion Ile-de-France, le d\u00e9partement du Val de Marne et le d\u00e9partement de Seine-Saint-Denis<\/p>\n<\/div><span class=\"fusion-imageframe imageframe-none imageframe-2 hover-type-none\"><img loading=\"lazy\" src=\"http:\/\/compagnieboom.com\/wp-content\/uploads\/2020\/06\/Capture-d\u2019\u00e9cran-2020-06-12-\u00e0-11.17.37-800x112.png\" width=\"800\" height=\"112\" alt=\"Logos des partenaires du spectacle\" title=\"Logos des partenaires du spectacle\" class=\"img-responsive wp-image-315\" srcset=\"https:\/\/compagnieboom.com\/wp-content\/uploads\/2020\/06\/Capture-d\u2019\u00e9cran-2020-06-12-\u00e0-11.17.37-200x28.png 200w, https:\/\/compagnieboom.com\/wp-content\/uploads\/2020\/06\/Capture-d\u2019\u00e9cran-2020-06-12-\u00e0-11.17.37-400x56.png 400w, https:\/\/compagnieboom.com\/wp-content\/uploads\/2020\/06\/Capture-d\u2019\u00e9cran-2020-06-12-\u00e0-11.17.37-600x84.png 600w, https:\/\/compagnieboom.com\/wp-content\/uploads\/2020\/06\/Capture-d\u2019\u00e9cran-2020-06-12-\u00e0-11.17.37-800x112.png 800w, https:\/\/compagnieboom.com\/wp-content\/uploads\/2020\/06\/Capture-d\u2019\u00e9cran-2020-06-12-\u00e0-11.17.37-1200x169.png 1200w, https:\/\/compagnieboom.com\/wp-content\/uploads\/2020\/06\/Capture-d\u2019\u00e9cran-2020-06-12-\u00e0-11.17.37.png 1694w\" sizes=\"(max-width: 800px) 100vw, 800px\" \/><\/span><div class=\"fusion-clearfix\"><\/div>\n\n\t\t\t\t\t<\/div>\n\t\t\t\t<\/div><\/div><\/div>\n","protected":false},"excerpt":{"rendered":"","protected":false},"author":1,"featured_media":0,"parent":0,"menu_order":0,"comment_status":"closed","ping_status":"closed","template":"","meta":[],"_links":{"self":[{"href":"https:\/\/compagnieboom.com\/index.php\/wp-json\/wp\/v2\/pages\/93"}],"collection":[{"href":"https:\/\/compagnieboom.com\/index.php\/wp-json\/wp\/v2\/pages"}],"about":[{"href":"https:\/\/compagnieboom.com\/index.php\/wp-json\/wp\/v2\/types\/page"}],"author":[{"embeddable":true,"href":"https:\/\/compagnieboom.com\/index.php\/wp-json\/wp\/v2\/users\/1"}],"replies":[{"embeddable":true,"href":"https:\/\/compagnieboom.com\/index.php\/wp-json\/wp\/v2\/comments?post=93"}],"version-history":[{"count":76,"href":"https:\/\/compagnieboom.com\/index.php\/wp-json\/wp\/v2\/pages\/93\/revisions"}],"predecessor-version":[{"id":735,"href":"https:\/\/compagnieboom.com\/index.php\/wp-json\/wp\/v2\/pages\/93\/revisions\/735"}],"wp:attachment":[{"href":"https:\/\/compagnieboom.com\/index.php\/wp-json\/wp\/v2\/media?parent=93"}],"curies":[{"name":"wp","href":"https:\/\/api.w.org\/{rel}","templated":true}]}}